{"id":40,"date":"2024-07-24T14:39:12","date_gmt":"2024-07-24T12:39:12","guid":{"rendered":"https:\/\/eridan.ovh\/?page_id=40"},"modified":"2024-08-09T16:59:58","modified_gmt":"2024-08-09T14:59:58","slug":"philo","status":"publish","type":"page","link":"https:\/\/eridan.ovh\/index.php\/philo\/","title":{"rendered":"Philosophie avec les enfants et adolescents"},"content":{"rendered":"\n<figure class=\"wp-block-image aligncenter size-large\"><img loading=\"lazy\" decoding=\"async\" width=\"1024\" height=\"683\" src=\"http:\/\/eridan.ovh\/wp-content\/uploads\/2024\/08\/aurelie.ligier_Cercle_denfants_assis_dans_une_classe_avec_une_a_2466993d-fbc1-4e4d-9030-c079cd0a0e42-1024x683.png\" alt=\"\" class=\"wp-image-170\" srcset=\"https:\/\/eridan.ovh\/wp-content\/uploads\/2024\/08\/aurelie.ligier_Cercle_denfants_assis_dans_une_classe_avec_une_a_2466993d-fbc1-4e4d-9030-c079cd0a0e42-1024x683.png 1024w, https:\/\/eridan.ovh\/wp-content\/uploads\/2024\/08\/aurelie.ligier_Cercle_denfants_assis_dans_une_classe_avec_une_a_2466993d-fbc1-4e4d-9030-c079cd0a0e42-300x200.png 300w, https:\/\/eridan.ovh\/wp-content\/uploads\/2024\/08\/aurelie.ligier_Cercle_denfants_assis_dans_une_classe_avec_une_a_2466993d-fbc1-4e4d-9030-c079cd0a0e42-768x512.png 768w, https:\/\/eridan.ovh\/wp-content\/uploads\/2024\/08\/aurelie.ligier_Cercle_denfants_assis_dans_une_classe_avec_une_a_2466993d-fbc1-4e4d-9030-c079cd0a0e42-1536x1024.png 1536w, https:\/\/eridan.ovh\/wp-content\/uploads\/2024\/08\/aurelie.ligier_Cercle_denfants_assis_dans_une_classe_avec_une_a_2466993d-fbc1-4e4d-9030-c079cd0a0e42-2048x1365.png 2048w\" sizes=\"auto, (max-width: 1024px) 100vw, 1024px\" \/><\/figure>\n\n\n\n<h1 class=\"wp-block-heading\"><span style=\"color: #23475c;\">Pr\u00e9sentation<\/span><\/h1>\n\n\n\n<p class=\"has-text-align-left\" style=\"text-align: justify;\">Je m&rsquo;appelle <strong>Aur\u00e9lie<\/strong>, et je suis animatrice d&rsquo;ateliers de discussion philosophiques dans la r\u00e9gion de Fontainebleau et Nemours. Mon int\u00e9r\u00eat pour la philosophie remonte \u00e0 plusieurs ann\u00e9es, un int\u00e9r\u00eat qui s&rsquo;est d&rsquo;abord manifest\u00e9 par ma participation r\u00e9guli\u00e8re aux caf\u00e9s philosophiques. Fortement motiv\u00e9e par ces premi\u00e8res exp\u00e9riences, j&rsquo;ai d\u00e9cid\u00e9 de me former \u00e0 l&rsquo;animation en suivant le <strong>parcours SEVE<\/strong> en 2024. Cette formation m&rsquo;a ouvert les portes des ateliers philosophiques en milieu scolaire, o\u00f9 j&rsquo;ai eu l&rsquo;occasion d&rsquo;animer des s\u00e9ances pour <strong>des \u00e9l\u00e8ves de CM1, CM2 ainsi que des coll\u00e9giens<\/strong> . J&rsquo;ai notamment conduit des cycles de trois s\u00e9ances pour les plus jeunes et un atelier hebdomadaire pour les coll\u00e9giens. Enthousiasm\u00e9e par ces exp\u00e9riences enrichissantes, j&rsquo;ai ensuite poursuivi une <strong>formation sp\u00e9cialis\u00e9e aux nouvelles pratiques philosophiques<\/strong> pour affiner mes comp\u00e9tences d&rsquo;animation. Enfin, je compl\u00e8te mon parcours par des \u00e9tudes acad\u00e9miques en <strong>licence de philosophie<\/strong>, afin d&rsquo;approfondir mes connaissances th\u00e9oriques et offrir des ateliers encore plus structur\u00e9s et pertinents.<\/p>\n\n\n\n<p class=\"has-text-align-left\" style=\"text-align: justify;\">Les ateliers de discussion philosophiques que je propose s&rsquo;adressent principalement aux enfants et adolescents. N\u00e9anmoins, j&rsquo;ai eu \u00e9galement l&rsquo;occasion de conduire ces ateliers avec des <strong>groupes d&rsquo;adultes<\/strong> et leurs retours sont tout \u00e0 fait positifs. Ils peuvent donc \u00e9galement s&rsquo;inscrire dans une <strong>d\u00e9marche d&rsquo;entreprise<\/strong>.<\/p>\n\n\n\n<div style=\"height:20px\" aria-hidden=\"true\" class=\"wp-block-spacer\"><\/div>\n\n\n\n<h2 class=\"wp-block-heading has-primary-color has-text-color has-link-color\"><strong>Dans quel cadre la philosophie \u00e0 l&rsquo;\u00e9cole peut-elle s&rsquo;inscrire ?<\/strong><\/h2>\n\n\n\n<p style=\"text-align: justify;\">La philosophie, souvent per\u00e7ue comme une discipline r\u00e9serv\u00e9e aux adultes, trouve pourtant un terrain fertile dans l&rsquo;\u00e9ducation des plus jeunes. L&rsquo;int\u00e9gration de la philosophie \u00e0 l&rsquo;\u00e9cole permet de <strong>d\u00e9velopper des comp\u00e9tences transversales<\/strong> essentielles chez les \u00e9l\u00e8ves, qu&rsquo;il s&rsquo;agisse d&rsquo;enfants ou d&rsquo;adolescents, en utilisant des supports vari\u00e9s, tels que les <strong>contes, \u0153uvres audiovisuelles, photographies, peintures, sculptures<\/strong>.<\/p>\n\n\n\n<p style=\"text-align: justify;\">Au niveau des programmes, elle peut donc s&rsquo;inscrire, sans s&rsquo;y restreindre, dans le cadre de la <strong>ma\u00eetrise des langages, le d\u00e9veloppement de la pens\u00e9e critique, l&rsquo;\u00e9ducation morale et civique ou encore l&rsquo;\u00e9ducation artistique et culturelle.<\/strong><\/p>\n\n\n\n<div style=\"height:20px\" aria-hidden=\"true\" class=\"wp-block-spacer\"><\/div>\n\n\n\n<h2 class=\"wp-block-heading has-primary-color has-text-color has-link-color\"><strong>Quels sont les bienfaits de la philosophie \u00e0 l&rsquo;\u00e9cole ?<\/strong><\/h2>\n\n\n\n<p class=\"has-text-align-left\" style=\"text-align: justify;\">La philosophie, pratiqu\u00e9e d\u00e8s le plus jeune \u00e2ge, offre un espace unique pour <strong>d\u00e9velopper la pens\u00e9e critique et cr\u00e9ative<\/strong>. Les participants apprennent \u00e0 <strong>argumenter<\/strong> de mani\u00e8re structur\u00e9e, \u00e0 <strong>conceptualiser<\/strong> et \u00e0 <strong>probl\u00e9matiser<\/strong> des id\u00e9es complexes, tout en d\u00e9veloppant leur capacit\u00e9 \u00e0 \u00e9couter activement et \u00e0 accepter la <strong>diversit\u00e9 des opinions<\/strong>. Ces ateliers, par le biais de discussions en groupes restreints ou en classe enti\u00e8re, favorisent \u00e9galement des <strong>comp\u00e9tences sociales<\/strong> essentielles telles que la tol\u00e9rance, l&rsquo;ouverture d&rsquo;esprit, et la communication. En stimulant la <strong>curiosit\u00e9 intellectuelle<\/strong>, ces ateliers contribuent au d\u00e9veloppement cognitif, linguistique et social des enfants, leur offrant ainsi des outils pr\u00e9cieux pour leur vie quotidienne. Les ateliers permettent notamment :<\/p>\n\n\n\n<ul>\n<li style=\"text-align: justify;\"><strong>D\u00e9veloppement de la pens\u00e9e critique :<\/strong> Les ateliers philosophiques permettent aux participants d&rsquo;apprendre \u00e0 analyser et \u00e0 questionner les id\u00e9es de mani\u00e8re structur\u00e9e. Cela renforce leur capacit\u00e9 \u00e0 distinguer les pr\u00e9suppos\u00e9s, ainsi que les arguments valides des sophismes et \u00e0 d\u00e9velopper un esprit critique essentiel dans leur vie quotidienne.<\/li>\n<li style=\"text-align: justify;\"><strong>Stimulation de la pens\u00e9e cr\u00e9ative :<\/strong> En abordant des sujets philosophiques divers, les enfants et adolescents sont encourag\u00e9s \u00e0 penser de mani\u00e8re originale et \u00e0 formuler des id\u00e9es nouvelles. Cela leur permet d&rsquo;\u00e9largir leur imagination et d&rsquo;apporter des solutions innovantes aux probl\u00e8mes qu&rsquo;ils rencontrent.<\/li>\n<li style=\"text-align: justify;\"><strong>Renforcement des comp\u00e9tences argumentatives :<\/strong> Les participants apprennent \u00e0 construire des arguments logiques et \u00e0 exprimer leurs id\u00e9es de mani\u00e8re claire et coh\u00e9rente. Cette comp\u00e9tence est cruciale, non seulement pour leurs \u00e9tudes, mais aussi pour leur communication quotidienne.<\/li>\n<li style=\"text-align: justify;\"><strong>Am\u00e9lioration des habilet\u00e9s sociales :<\/strong> Travailler en groupe durant les ateliers encourage l&rsquo;\u00e9coute active, le respect de la parole des autres et l&rsquo;ouverture \u00e0 des perspectives diff\u00e9rentes. Cela contribue au d\u00e9veloppement de la tol\u00e9rance et de la compr\u00e9hension de l&rsquo;alt\u00e9rit\u00e9.<\/li>\n<li style=\"text-align: justify;\"><strong>D\u00e9veloppement personnel :<\/strong> Les ateliers offrent un espace o\u00f9 les enfants peuvent explorer leurs propres pens\u00e9es et \u00e9motions, ce qui favorise la connaissance de soi et la confiance en soi. De plus, ils apprennent \u00e0 s&rsquo;exprimer non seulement \u00e0 l&rsquo;oral, mais aussi \u00e0 travers l&rsquo;\u00e9crit ou des expressions artistiques, comme le dessin.<\/li>\n<li style=\"text-align: justify;\"><strong>Curiosit\u00e9 intellectuelle :<\/strong> En posant des questions philosophiques sur le monde qui les entoure, les enfants et adolescents d\u00e9veloppent une curiosit\u00e9 naturelle qui les pousse \u00e0 apprendre et \u00e0 comprendre davantage. Cela leur donne une base solide pour leur \u00e9ducation future et leur \u00e9panouissement personnel.<\/li>\n<\/ul>\n\n\n\n<p style=\"text-align: justify;\"><strong>Faites de la philosophie un atout majeur dans la formation de vos \u00e9l\u00e8ves.<\/strong> Contactez-moi ! Ensemble, nous pouvons cr\u00e9er des ateliers sur mesure adapt\u00e9s \u00e0 vos besoins.<\/p>\n\n\n\n<div class=\"wp-block-buttons is-content-justification-right is-layout-flex wp-container-core-buttons-is-layout-d445cf74 wp-block-buttons-is-layout-flex\">\n<div class=\"wp-block-button\"><a class=\"wp-block-button__link wp-element-button\" href=\"https:\/\/eridan.ovh\/index.php\/nous-contacter\/\">Me contacter<\/a><\/div>\n<\/div>\n\n\n\n<hr class=\"wp-block-separator has-alpha-channel-opacity\"\/>\n\n\n\n<p>&nbsp;<\/p>\n\n\n<ul class=\"wp-block-latest-posts__list wp-block-latest-posts\"><\/ul>\n\n\n<p><\/p>\n","protected":false},"excerpt":{"rendered":"<p>Pr\u00e9sentation Je m&rsquo;appelle Aur\u00e9lie, et je suis animatrice d&rsquo;ateliers de discussion philosophiques dans la r\u00e9gion de Fontainebleau et Nemours. Mon int\u00e9r\u00eat pour la philosophie remonte \u00e0 plusieurs ann\u00e9es, un int\u00e9r\u00eat qui s&rsquo;est d&rsquo;abord manifest\u00e9 par ma participation r\u00e9guli\u00e8re aux caf\u00e9s philosophiques. Fortement motiv\u00e9e par ces premi\u00e8res exp\u00e9riences, j&rsquo;ai d\u00e9cid\u00e9 de me former \u00e0 l&rsquo;animation en [&hellip;]<\/p>\n","protected":false},"author":1,"featured_media":0,"parent":0,"menu_order":1,"comment_status":"closed","ping_status":"closed","template":"","meta":{"_monsterinsights_skip_tracking":false,"_monsterinsights_sitenote_active":false,"_monsterinsights_sitenote_note":"","_monsterinsights_sitenote_category":0,"footnotes":""},"class_list":["post-40","page","type-page","status-publish","hentry"],"aioseo_notices":[],"jetpack_sharing_enabled":true,"_links":{"self":[{"href":"https:\/\/eridan.ovh\/index.php\/wp-json\/wp\/v2\/pages\/40","targetHints":{"allow":["GET"]}}],"collection":[{"href":"https:\/\/eridan.ovh\/index.php\/wp-json\/wp\/v2\/pages"}],"about":[{"href":"https:\/\/eridan.ovh\/index.php\/wp-json\/wp\/v2\/types\/page"}],"author":[{"embeddable":true,"href":"https:\/\/eridan.ovh\/index.php\/wp-json\/wp\/v2\/users\/1"}],"replies":[{"embeddable":true,"href":"https:\/\/eridan.ovh\/index.php\/wp-json\/wp\/v2\/comments?post=40"}],"version-history":[{"count":17,"href":"https:\/\/eridan.ovh\/index.php\/wp-json\/wp\/v2\/pages\/40\/revisions"}],"predecessor-version":[{"id":221,"href":"https:\/\/eridan.ovh\/index.php\/wp-json\/wp\/v2\/pages\/40\/revisions\/221"}],"wp:attachment":[{"href":"https:\/\/eridan.ovh\/index.php\/wp-json\/wp\/v2\/media?parent=40"}],"curies":[{"name":"wp","href":"https:\/\/api.w.org\/{rel}","templated":true}]}}